{"id":760,"date":"2021-06-22T15:34:53","date_gmt":"2021-06-22T15:34:53","guid":{"rendered":"https:\/\/etsmanceau.fr\/?page_id=760"},"modified":"2024-06-19T12:54:46","modified_gmt":"2024-06-19T12:54:46","slug":"elementor-760","status":"publish","type":"page","link":"https:\/\/etsmanceau.fr\/?page_id=760","title":{"rendered":"Savoir-faire"},"content":{"rendered":"\t\t<div data-elementor-type=\"wp-page\" data-elementor-id=\"760\" class=\"elementor elementor-760\">\n\t\t\t\t\t\t<section class=\"elementor-section elementor-top-section elementor-element elementor-element-3616205 elementor-section-boxed elementor-section-height-default elementor-section-height-default\" data-id=\"3616205\" data-element_type=\"section\" data-e-type=\"section\" data-settings=\"{&quot;background_background&quot;:&quot;classic&quot;}\">\n\t\t\t\t\t\t<div class=\"elementor-container elementor-column-gap-default\">\n\t\t\t\t\t<div class=\"elementor-column elementor-col-100 elementor-top-column elementor-element elementor-element-c4d02ad\" data-id=\"c4d02ad\" data-element_type=\"column\" data-e-type=\"column\">\n\t\t\t<div class=\"elementor-widget-wrap elementor-element-populated\">\n\t\t\t\t\t\t<div class=\"elementor-element elementor-element-4806507 elementor-widget elementor-widget-heading\" data-id=\"4806507\" data-element_type=\"widget\" data-e-type=\"widget\" data-widget_type=\"heading.default\">\n\t\t\t\t<div class=\"elementor-widget-container\">\n\t\t\t\t\t<h2 class=\"elementor-heading-title elementor-size-default\">Savoir-Faire<\/h2>\t\t\t\t<\/div>\n\t\t\t\t<\/div>\n\t\t\t\t\t<\/div>\n\t\t<\/div>\n\t\t\t\t\t<\/div>\n\t\t<\/section>\n\t\t\t\t<section class=\"elementor-section elementor-top-section elementor-element elementor-element-75e4519 elementor-section-boxed elementor-section-height-default elementor-section-height-default\" data-id=\"75e4519\" data-element_type=\"section\" data-e-type=\"section\">\n\t\t\t\t\t\t<div class=\"elementor-container elementor-column-gap-default\">\n\t\t\t\t\t<div class=\"elementor-column elementor-col-33 elementor-top-column elementor-element elementor-element-3dd3066\" data-id=\"3dd3066\" data-element_type=\"column\" data-e-type=\"column\">\n\t\t\t<div class=\"elementor-widget-wrap elementor-element-populated\">\n\t\t\t\t\t\t<div class=\"elementor-element elementor-element-c35a71b elementor-widget__width-initial elementor-widget elementor-widget-text-editor\" data-id=\"c35a71b\" data-element_type=\"widget\" data-e-type=\"widget\" data-widget_type=\"text-editor.default\">\n\t\t\t\t<div class=\"elementor-widget-container\">\n\t\t\t\t\t\t\t\t\t<p><strong>Tous les matins au MIN de Nantes, nous prenons le soin de choisir et s\u00e9lectionner les meilleurs produits. <\/strong><\/p><p><strong>Cet approvisionnement quotidien garantit une fraicheur optimale<\/strong><strong> \u00e0 notre client\u00e8le de professionnels: grande distribution, restaurants, RHD, collectivit\u00e9s, boulangeries, p\u00e2tisseries, traiteurs, bouchers, \u00e9piceries\u2026<\/strong><\/p><p><strong>Conscients des enjeux environnementaux et des pr\u00e9occupations de nos clients, nous travaillons en \u00e9troite collaboration avec des producteurs locaux dans le Choletais (salades, courgettes,&#8230;), les Mauges (pommes) et en Vend\u00e9e (l\u00e9gumes secs).\u00a0<\/strong><\/p>\t\t\t\t\t\t\t\t<\/div>\n\t\t\t\t<\/div>\n\t\t\t\t\t<\/div>\n\t\t<\/div>\n\t\t\t\t<div class=\"elementor-column elementor-col-66 elementor-top-column elementor-element elementor-element-7f94976\" data-id=\"7f94976\" data-element_type=\"column\" data-e-type=\"column\">\n\t\t\t<div class=\"elementor-widget-wrap elementor-element-populated\">\n\t\t\t\t\t\t<div class=\"elementor-element elementor-element-edd0089 elementor-widget__width-initial elementor-arrows-position-inside elementor-widget elementor-widget-image-carousel\" data-id=\"edd0089\" data-element_type=\"widget\" data-e-type=\"widget\" data-settings=\"{&quot;slides_to_show&quot;:&quot;1&quot;,&quot;navigation&quot;:&quot;arrows&quot;,&quot;pause_on_hover&quot;:&quot;no&quot;,&quot;pause_on_interaction&quot;:&quot;no&quot;,&quot;autoplay_speed&quot;:3000,&quot;autoplay&quot;:&quot;yes&quot;,&quot;infinite&quot;:&quot;yes&quot;,&quot;effect&quot;:&quot;slide&quot;,&quot;speed&quot;:500}\" data-widget_type=\"image-carousel.default\">\n\t\t\t\t<div class=\"elementor-widget-container\">\n\t\t\t\t\t\t\t<div class=\"elementor-image-carousel-wrapper swiper\" role=\"region\" aria-roledescription=\"carousel\" aria-label=\"Carrousel d\u2019images\" dir=\"ltr\">\n\t\t\t<div class=\"elementor-image-carousel swiper-wrapper\" aria-live=\"off\">\n\t\t\t\t\t\t\t\t<div class=\"swiper-slide\" role=\"group\" aria-roledescription=\"slide\" aria-label=\"1 sur 7\"><figure class=\"swiper-slide-inner\"><img decoding=\"async\" class=\"swiper-slide-image\" src=\"https:\/\/etsmanceau.fr\/wp-content\/uploads\/2023\/10\/fruit-market-food-3281162-768x512.jpg\" alt=\"fruit, market, food-3281162.jpg\" \/><\/figure><\/div><div class=\"swiper-slide\" role=\"group\" aria-roledescription=\"slide\" aria-label=\"2 sur 7\"><figure class=\"swiper-slide-inner\"><img decoding=\"async\" class=\"swiper-slide-image\" src=\"https:\/\/etsmanceau.fr\/wp-content\/uploads\/2021\/06\/salad-leaf-lettuce-lettuce-771056-768x547.jpg\" alt=\"salad, leaf lettuce, lettuce-771056.jpg\" \/><\/figure><\/div><div class=\"swiper-slide\" role=\"group\" aria-roledescription=\"slide\" aria-label=\"3 sur 7\"><figure class=\"swiper-slide-inner\"><img decoding=\"async\" class=\"swiper-slide-image\" src=\"https:\/\/etsmanceau.fr\/wp-content\/uploads\/2024\/06\/IMG_7616-768x576.jpg\" alt=\"IMG_7616\" \/><\/figure><\/div><div class=\"swiper-slide\" role=\"group\" aria-roledescription=\"slide\" aria-label=\"4 sur 7\"><figure class=\"swiper-slide-inner\"><img decoding=\"async\" class=\"swiper-slide-image\" src=\"https:\/\/etsmanceau.fr\/wp-content\/uploads\/2023\/10\/apples-orchard-apple-trees-1873078-768x490.jpg\" alt=\"apples, orchard, apple trees-1873078.jpg\" \/><\/figure><\/div><div class=\"swiper-slide\" role=\"group\" aria-roledescription=\"slide\" aria-label=\"5 sur 7\"><figure class=\"swiper-slide-inner\"><img decoding=\"async\" class=\"swiper-slide-image\" src=\"https:\/\/etsmanceau.fr\/wp-content\/uploads\/2024\/06\/IMG_7619-768x576.jpg\" alt=\"IMG_7619\" \/><\/figure><\/div><div class=\"swiper-slide\" role=\"group\" aria-roledescription=\"slide\" aria-label=\"6 sur 7\"><figure class=\"swiper-slide-inner\"><img decoding=\"async\" class=\"swiper-slide-image\" src=\"https:\/\/etsmanceau.fr\/wp-content\/uploads\/2021\/06\/beetroot-beets-colorful-3440339-768x512.jpg\" alt=\"beetroot, beets, colorful-3440339.jpg\" \/><\/figure><\/div><div class=\"swiper-slide\" role=\"group\" aria-roledescription=\"slide\" aria-label=\"7 sur 7\"><figure class=\"swiper-slide-inner\"><img decoding=\"async\" class=\"swiper-slide-image\" src=\"https:\/\/etsmanceau.fr\/wp-content\/uploads\/2024\/06\/IMG_7617-scaled-e1718801674205-768x490.jpg\" alt=\"IMG_7617\" \/><\/figure><\/div>\t\t\t<\/div>\n\t\t\t\t\t\t\t\t\t\t\t\t<div class=\"elementor-swiper-button elementor-swiper-button-prev\" role=\"button\" tabindex=\"0\">\n\t\t\t\t\t\t<i aria-hidden=\"true\" class=\"eicon-chevron-left\"><\/i>\t\t\t\t\t<\/div>\n\t\t\t\t\t<div class=\"elementor-swiper-button elementor-swiper-button-next\" role=\"button\" tabindex=\"0\">\n\t\t\t\t\t\t<i aria-hidden=\"true\" class=\"eicon-chevron-right\"><\/i>\t\t\t\t\t<\/div>\n\t\t\t\t\n\t\t\t\t\t\t\t\t\t<\/div>\n\t\t\t\t\t\t<\/div>\n\t\t\t\t<\/div>\n\t\t\t\t\t<\/div>\n\t\t<\/div>\n\t\t\t\t\t<\/div>\n\t\t<\/section>\n\t\t\t\t<\/div>\n\t\t","protected":false},"excerpt":{"rendered":"<p>Savoir-Faire Tous les matins au MIN de Nantes, nous prenons le soin de choisir et s\u00e9lectionner les meilleurs produits. Cet approvisionnement quotidien garantit une fraicheur optimale \u00e0 notre client\u00e8le de professionnels: grande distribution, restaurants, RHD, collectivit\u00e9s, boulangeries, p\u00e2tisseries, traiteurs, bouchers, \u00e9piceries\u2026 Conscients des enjeux environnementaux et des pr\u00e9occupations de nos clients, nous travaillons en \u00e9troite [&hellip;]<\/p>\n","protected":false},"author":1,"featured_media":545,"parent":0,"menu_order":0,"comment_status":"closed","ping_status":"closed","template":"","meta":{"om_disable_all_campaigns":false,"_monsterinsights_skip_tracking":false,"_monsterinsights_sitenote_active":false,"_monsterinsights_sitenote_note":"","_monsterinsights_sitenote_category":0,"site-sidebar-layout":"no-sidebar","site-content-layout":"page-builder","ast-site-content-layout":"default","site-content-style":"default","site-sidebar-style":"default","ast-global-header-display":"","ast-banner-title-visibility":"","ast-main-header-display":"","ast-hfb-above-header-display":"","ast-hfb-below-header-display":"","ast-hfb-mobile-header-display":"","site-post-title":"disabled","ast-breadcrumbs-content":null,"ast-featured-img":"disabled","footer-sml-layout":null,"ast-disable-related-posts":"","theme-transparent-header-meta":"","adv-header-id-meta":null,"stick-header-meta":null,"header-above-stick-meta":null,"header-main-stick-meta":null,"header-below-stick-meta":null,"astra-migrate-meta-layouts":"default","ast-page-background-enabled":"default","ast-page-background-meta":{"desktop":{"background-color":"var(--ast-global-color-4)","background-image":"","background-repeat":"repeat","background-position":"center center","background-size":"auto","background-attachment":"scroll","background-type":"","background-media":"","overlay-type":"","overlay-color":"","overlay-opacity":"","overlay-gradient":""},"tablet":{"background-color":"","background-image":"","background-repeat":"repeat","background-position":"center center","background-size":"auto","background-attachment":"scroll","background-type":"","background-media":"","overlay-type":"","overlay-color":"","overlay-opacity":"","overlay-gradient":""},"mobile":{"background-color":"","background-image":"","background-repeat":"repeat","background-position":"center center","background-size":"auto","background-attachment":"scroll","background-type":"","background-media":"","overlay-type":"","overlay-color":"","overlay-opacity":"","overlay-gradient":""}},"ast-content-background-meta":{"desktop":{"background-color":"var(--ast-global-color-5)","background-image":"","background-repeat":"repeat","background-position":"center center","background-size":"auto","background-attachment":"scroll","background-type":"","background-media":"","overlay-type":"","overlay-color":"","overlay-opacity":"","overlay-gradient":""},"tablet":{"background-color":"var(--ast-global-color-5)","background-image":"","background-repeat":"repeat","background-position":"center center","background-size":"auto","background-attachment":"scroll","background-type":"","background-media":"","overlay-type":"","overlay-color":"","overlay-opacity":"","overlay-gradient":""},"mobile":{"background-color":"var(--ast-global-color-5)","background-image":"","background-repeat":"repeat","background-position":"center center","background-size":"auto","background-attachment":"scroll","background-type":"","background-media":"","overlay-type":"","overlay-color":"","overlay-opacity":"","overlay-gradient":""}},"footnotes":""},"class_list":["post-760","page","type-page","status-publish","has-post-thumbnail","hentry"],"aioseo_notices":[],"yoast_head":"<!-- This site is optimized with the Yoast SEO plugin v27.5 - https:\/\/yoast.com\/product\/yoast-seo-wordpress\/ -->\n<title>Savoir-faire | ETS Manceau<\/title>\n<meta name=\"robots\" content=\"index, follow, max-snippet:-1, max-image-preview:large, max-video-preview:-1\" \/>\n<link rel=\"canonical\" href=\"https:\/\/etsmanceau.fr\/?page_id=760\" \/>\n<meta property=\"og:locale\" content=\"fr_FR\" \/>\n<meta property=\"og:type\" content=\"article\" \/>\n<meta property=\"og:title\" content=\"Savoir-faire | ETS Manceau\" \/>\n<meta property=\"og:description\" content=\"Savoir-Faire Tous les matins au MIN de Nantes, nous prenons le soin de choisir et s\u00e9lectionner les meilleurs produits. Cet approvisionnement quotidien garantit une fraicheur optimale \u00e0 notre client\u00e8le de professionnels: grande distribution, restaurants, RHD, collectivit\u00e9s, boulangeries, p\u00e2tisseries, traiteurs, bouchers, \u00e9piceries\u2026 Conscients des enjeux environnementaux et des pr\u00e9occupations de nos clients, nous travaillons en \u00e9troite [&hellip;]\" \/>\n<meta property=\"og:url\" content=\"https:\/\/etsmanceau.fr\/?page_id=760\" \/>\n<meta property=\"og:site_name\" content=\"ETS Manceau\" \/>\n<meta property=\"article:modified_time\" content=\"2024-06-19T12:54:46+00:00\" \/>\n<meta property=\"og:image\" content=\"http:\/\/etsmanceau.fr\/wp-content\/uploads\/2021\/06\/carrot-vegetables-healthy-5734303.jpg\" \/>\n\t<meta property=\"og:image:width\" content=\"1280\" \/>\n\t<meta property=\"og:image:height\" content=\"853\" \/>\n\t<meta property=\"og:image:type\" content=\"image\/jpeg\" \/>\n<meta name=\"twitter:card\" content=\"summary_large_image\" \/>\n<script type=\"application\/ld+json\" class=\"yoast-schema-graph\">{\"@context\":\"https:\\\/\\\/schema.org\",\"@graph\":[{\"@type\":\"WebPage\",\"@id\":\"https:\\\/\\\/etsmanceau.fr\\\/?page_id=760\",\"url\":\"https:\\\/\\\/etsmanceau.fr\\\/?page_id=760\",\"name\":\"Savoir-faire | ETS Manceau\",\"isPartOf\":{\"@id\":\"https:\\\/\\\/etsmanceau.fr\\\/#website\"},\"primaryImageOfPage\":{\"@id\":\"https:\\\/\\\/etsmanceau.fr\\\/?page_id=760#primaryimage\"},\"image\":{\"@id\":\"https:\\\/\\\/etsmanceau.fr\\\/?page_id=760#primaryimage\"},\"thumbnailUrl\":\"https:\\\/\\\/etsmanceau.fr\\\/wp-content\\\/uploads\\\/2021\\\/06\\\/carrot-vegetables-healthy-5734303.jpg\",\"datePublished\":\"2021-06-22T15:34:53+00:00\",\"dateModified\":\"2024-06-19T12:54:46+00:00\",\"breadcrumb\":{\"@id\":\"https:\\\/\\\/etsmanceau.fr\\\/?page_id=760#breadcrumb\"},\"inLanguage\":\"fr-FR\",\"potentialAction\":[{\"@type\":\"ReadAction\",\"target\":[\"https:\\\/\\\/etsmanceau.fr\\\/?page_id=760\"]}]},{\"@type\":\"ImageObject\",\"inLanguage\":\"fr-FR\",\"@id\":\"https:\\\/\\\/etsmanceau.fr\\\/?page_id=760#primaryimage\",\"url\":\"https:\\\/\\\/etsmanceau.fr\\\/wp-content\\\/uploads\\\/2021\\\/06\\\/carrot-vegetables-healthy-5734303.jpg\",\"contentUrl\":\"https:\\\/\\\/etsmanceau.fr\\\/wp-content\\\/uploads\\\/2021\\\/06\\\/carrot-vegetables-healthy-5734303.jpg\",\"width\":1280,\"height\":853,\"caption\":\"carrot, vegetables, healthy-5734303.jpg\"},{\"@type\":\"BreadcrumbList\",\"@id\":\"https:\\\/\\\/etsmanceau.fr\\\/?page_id=760#breadcrumb\",\"itemListElement\":[{\"@type\":\"ListItem\",\"position\":1,\"name\":\"Accueil\",\"item\":\"https:\\\/\\\/etsmanceau.fr\\\/\"},{\"@type\":\"ListItem\",\"position\":2,\"name\":\"Savoir-faire\"}]},{\"@type\":\"WebSite\",\"@id\":\"https:\\\/\\\/etsmanceau.fr\\\/#website\",\"url\":\"https:\\\/\\\/etsmanceau.fr\\\/\",\"name\":\"Ets Manceau\",\"description\":\"Votre partenaire en fraicheur et qualit\u00e9.\",\"publisher\":{\"@id\":\"https:\\\/\\\/etsmanceau.fr\\\/#organization\"},\"potentialAction\":[{\"@type\":\"SearchAction\",\"target\":{\"@type\":\"EntryPoint\",\"urlTemplate\":\"https:\\\/\\\/etsmanceau.fr\\\/?s={search_term_string}\"},\"query-input\":{\"@type\":\"PropertyValueSpecification\",\"valueRequired\":true,\"valueName\":\"search_term_string\"}}],\"inLanguage\":\"fr-FR\"},{\"@type\":\"Organization\",\"@id\":\"https:\\\/\\\/etsmanceau.fr\\\/#organization\",\"name\":\"Ets Manceau\",\"url\":\"https:\\\/\\\/etsmanceau.fr\\\/\",\"logo\":{\"@type\":\"ImageObject\",\"inLanguage\":\"fr-FR\",\"@id\":\"https:\\\/\\\/etsmanceau.fr\\\/#\\\/schema\\\/logo\\\/image\\\/\",\"url\":\"http:\\\/\\\/etsmanceau.fr\\\/wp-content\\\/uploads\\\/2021\\\/06\\\/cropped-LOGO-ETS-MANCEAU-2.png\",\"contentUrl\":\"http:\\\/\\\/etsmanceau.fr\\\/wp-content\\\/uploads\\\/2021\\\/06\\\/cropped-LOGO-ETS-MANCEAU-2.png\",\"width\":798,\"height\":378,\"caption\":\"Ets Manceau\"},\"image\":{\"@id\":\"https:\\\/\\\/etsmanceau.fr\\\/#\\\/schema\\\/logo\\\/image\\\/\"}}]}<\/script>\n<!-- \/ Yoast SEO plugin. -->","yoast_head_json":{"title":"Savoir-faire | ETS Manceau","robots":{"index":"index","follow":"follow","max-snippet":"max-snippet:-1","max-image-preview":"max-image-preview:large","max-video-preview":"max-video-preview:-1"},"canonical":"https:\/\/etsmanceau.fr\/?page_id=760","og_locale":"fr_FR","og_type":"article","og_title":"Savoir-faire | ETS Manceau","og_description":"Savoir-Faire Tous les matins au MIN de Nantes, nous prenons le soin de choisir et s\u00e9lectionner les meilleurs produits. Cet approvisionnement quotidien garantit une fraicheur optimale \u00e0 notre client\u00e8le de professionnels: grande distribution, restaurants, RHD, collectivit\u00e9s, boulangeries, p\u00e2tisseries, traiteurs, bouchers, \u00e9piceries\u2026 Conscients des enjeux environnementaux et des pr\u00e9occupations de nos clients, nous travaillons en \u00e9troite [&hellip;]","og_url":"https:\/\/etsmanceau.fr\/?page_id=760","og_site_name":"ETS Manceau","article_modified_time":"2024-06-19T12:54:46+00:00","og_image":[{"width":1280,"height":853,"url":"http:\/\/etsmanceau.fr\/wp-content\/uploads\/2021\/06\/carrot-vegetables-healthy-5734303.jpg","type":"image\/jpeg"}],"twitter_card":"summary_large_image","schema":{"@context":"https:\/\/schema.org","@graph":[{"@type":"WebPage","@id":"https:\/\/etsmanceau.fr\/?page_id=760","url":"https:\/\/etsmanceau.fr\/?page_id=760","name":"Savoir-faire | ETS Manceau","isPartOf":{"@id":"https:\/\/etsmanceau.fr\/#website"},"primaryImageOfPage":{"@id":"https:\/\/etsmanceau.fr\/?page_id=760#primaryimage"},"image":{"@id":"https:\/\/etsmanceau.fr\/?page_id=760#primaryimage"},"thumbnailUrl":"https:\/\/etsmanceau.fr\/wp-content\/uploads\/2021\/06\/carrot-vegetables-healthy-5734303.jpg","datePublished":"2021-06-22T15:34:53+00:00","dateModified":"2024-06-19T12:54:46+00:00","breadcrumb":{"@id":"https:\/\/etsmanceau.fr\/?page_id=760#breadcrumb"},"inLanguage":"fr-FR","potentialAction":[{"@type":"ReadAction","target":["https:\/\/etsmanceau.fr\/?page_id=760"]}]},{"@type":"ImageObject","inLanguage":"fr-FR","@id":"https:\/\/etsmanceau.fr\/?page_id=760#primaryimage","url":"https:\/\/etsmanceau.fr\/wp-content\/uploads\/2021\/06\/carrot-vegetables-healthy-5734303.jpg","contentUrl":"https:\/\/etsmanceau.fr\/wp-content\/uploads\/2021\/06\/carrot-vegetables-healthy-5734303.jpg","width":1280,"height":853,"caption":"carrot, vegetables, healthy-5734303.jpg"},{"@type":"BreadcrumbList","@id":"https:\/\/etsmanceau.fr\/?page_id=760#breadcrumb","itemListElement":[{"@type":"ListItem","position":1,"name":"Accueil","item":"https:\/\/etsmanceau.fr\/"},{"@type":"ListItem","position":2,"name":"Savoir-faire"}]},{"@type":"WebSite","@id":"https:\/\/etsmanceau.fr\/#website","url":"https:\/\/etsmanceau.fr\/","name":"Ets Manceau","description":"Votre partenaire en fraicheur et qualit\u00e9.","publisher":{"@id":"https:\/\/etsmanceau.fr\/#organization"},"potentialAction":[{"@type":"SearchAction","target":{"@type":"EntryPoint","urlTemplate":"https:\/\/etsmanceau.fr\/?s={search_term_string}"},"query-input":{"@type":"PropertyValueSpecification","valueRequired":true,"valueName":"search_term_string"}}],"inLanguage":"fr-FR"},{"@type":"Organization","@id":"https:\/\/etsmanceau.fr\/#organization","name":"Ets Manceau","url":"https:\/\/etsmanceau.fr\/","logo":{"@type":"ImageObject","inLanguage":"fr-FR","@id":"https:\/\/etsmanceau.fr\/#\/schema\/logo\/image\/","url":"http:\/\/etsmanceau.fr\/wp-content\/uploads\/2021\/06\/cropped-LOGO-ETS-MANCEAU-2.png","contentUrl":"http:\/\/etsmanceau.fr\/wp-content\/uploads\/2021\/06\/cropped-LOGO-ETS-MANCEAU-2.png","width":798,"height":378,"caption":"Ets Manceau"},"image":{"@id":"https:\/\/etsmanceau.fr\/#\/schema\/logo\/image\/"}}]}},"_links":{"self":[{"href":"https:\/\/etsmanceau.fr\/index.php?rest_route=\/wp\/v2\/pages\/760","targetHints":{"allow":["GET"]}}],"collection":[{"href":"https:\/\/etsmanceau.fr\/index.php?rest_route=\/wp\/v2\/pages"}],"about":[{"href":"https:\/\/etsmanceau.fr\/index.php?rest_route=\/wp\/v2\/types\/page"}],"author":[{"embeddable":true,"href":"https:\/\/etsmanceau.fr\/index.php?rest_route=\/wp\/v2\/users\/1"}],"replies":[{"embeddable":true,"href":"https:\/\/etsmanceau.fr\/index.php?rest_route=%2Fwp%2Fv2%2Fcomments&post=760"}],"version-history":[{"count":110,"href":"https:\/\/etsmanceau.fr\/index.php?rest_route=\/wp\/v2\/pages\/760\/revisions"}],"predecessor-version":[{"id":1494,"href":"https:\/\/etsmanceau.fr\/index.php?rest_route=\/wp\/v2\/pages\/760\/revisions\/1494"}],"wp:featuredmedia":[{"embeddable":true,"href":"https:\/\/etsmanceau.fr\/index.php?rest_route=\/wp\/v2\/media\/545"}],"wp:attachment":[{"href":"https:\/\/etsmanceau.fr\/index.php?rest_route=%2Fwp%2Fv2%2Fmedia&parent=760"}],"curies":[{"name":"wp","href":"https:\/\/api.w.org\/{rel}","templated":true}]}}